{"id":131,"date":"2021-03-28T15:29:26","date_gmt":"2021-03-28T13:29:26","guid":{"rendered":"http:\/\/karoorganisation.com\/?page_id=131"},"modified":"2023-02-08T23:45:25","modified_gmt":"2023-02-08T22:45:25","slug":"karolina-3","status":"publish","type":"page","link":"https:\/\/karoorganisation.com\/index.php\/karolina-3\/","title":{"rendered":"Karolina"},"content":{"rendered":"<p>[et_pb_section fb_built=&#8221;1&#8243; disabled_on=&#8221;on|off|off&#8221; _builder_version=&#8221;3.24&#8243; background_image=&#8221;https:\/\/karoorganisation.com\/wp-content\/uploads\/2021\/03\/canyon-1740973-scaled.jpg&#8221; background_position=&#8221;center_right&#8221; box_shadow_style=&#8221;preset3&#8243; module_alignment=&#8221;center&#8221; transform_styles__hover_enabled=&#8221;on&#8221; transform_scale__hover_enabled=&#8221;on&#8221; transform_translate__hover_enabled=&#8221;on&#8221; transform_rotate__hover_enabled=&#8221;on&#8221; transform_skew__hover_enabled=&#8221;on&#8221; transform_origin__hover_enabled=&#8221;on&#8221; transform_scale__hover=&#8221;102%|102%&#8221;][et_pb_row use_custom_gutter=&#8221;on&#8221; gutter_width=&#8221;2&#8243; custom_padding=&#8221;100px||200px&#8221; module_class=&#8221; et_pb_row_fullwidth&#8221; _builder_version=&#8221;3.24&#8243; width=&#8221;94%&#8221; width_tablet=&#8221;80%&#8221; width_last_edited=&#8221;on|desktop&#8221; max_width=&#8221;94%&#8221; max_width_tablet=&#8221;80%&#8221; max_width_last_edited=&#8221;on|desktop&#8221; make_fullwidth=&#8221;on&#8221;][et_pb_column type=&#8221;1_2&#8243; _builder_version=&#8221;3.17.6&#8243;][\/et_pb_column][et_pb_column type=&#8221;1_2&#8243; _builder_version=&#8221;3.17.6&#8243;][et_pb_text _builder_version=&#8221;3.24&#8243; text_font=&#8221;||||||||&#8221; text_text_color=&#8221;#ffffff&#8221; text_line_height=&#8221;1.2em&#8221; header_font=&#8221;||||||||&#8221; header_2_font=&#8221;|800||on|||||&#8221; header_2_text_color=&#8221;#7cda24&#8243; header_2_font_size=&#8221;35px&#8221; header_3_font=&#8221;|700||on|||||&#8221; header_3_text_color=&#8221;#e5007e&#8221; max_width=&#8221;65%&#8221; module_alignment=&#8221;center&#8221; animation_style=&#8221;fade&#8221; transform_styles__hover_enabled=&#8221;on&#8221; transform_scale__hover_enabled=&#8221;on&#8221; transform_translate__hover_enabled=&#8221;on&#8221; transform_rotate__hover_enabled=&#8221;on&#8221; transform_skew__hover_enabled=&#8221;on&#8221; transform_origin__hover_enabled=&#8221;on&#8221; transform_scale__hover=&#8221;103%|103%&#8221;]<\/p>\n<h2><strong>Karolina L&#8217;enchanteresse<\/strong><\/h2>\n<p><span style=\"font-weight: 400;\">Une \u00e9vasion au-del\u00e0 du temps\u2026au-del\u00e0 des temps.<\/span><br \/> <span style=\"font-weight: 400;\">Quittez Terre.<\/span><br \/> <span style=\"font-weight: 400;\">Entrez dans l\u2019antre mystique de l\u2019Enchanteresse Karolina.<\/span><br \/> <span style=\"font-weight: 400;\">D\u00e9couvrez un concert spectacle unique aux multiples facettes, plongez au c\u0153ur m\u00eame du myst\u00e8re, entre irr\u00e9el et f\u00e9erie o\u00f9 le r\u00e9el est sans nul doute r\u00eaverie.<\/span><br \/> <span style=\"font-weight: 400;\">\u00ab\u00a0Au-del\u00e0 du r\u00e9el, au-del\u00e0 de l\u2019irr\u00e9el\u2026il y a le profond.\u00a0\u00bb<\/span><\/p>\n<p>[\/et_pb_text][et_pb_text _builder_version=&#8221;3.24&#8243; text_font=&#8221;|700||on|||||&#8221; text_text_align=&#8221;center&#8221; text_text_color=&#8221;#ffffff&#8221; text_font_size=&#8221;20px&#8221; text_line_height=&#8221;1.2em&#8221; header_font=&#8221;||||||||&#8221; header_2_font=&#8221;|800||on|||||&#8221; header_2_text_color=&#8221;#7cda24&#8243; header_2_font_size=&#8221;35px&#8221; header_3_font=&#8221;|700||on|||||&#8221; header_3_text_color=&#8221;#e5007e&#8221; background_color=&#8221;#7cda24&#8243; text_orientation=&#8221;center&#8221; background_layout=&#8221;dark&#8221; max_width=&#8221;65%&#8221; module_alignment=&#8221;center&#8221; custom_padding=&#8221;10px||10px||true&#8221; animation_style=&#8221;fade&#8221; link_option_url=&#8221;https:\/\/music.apple.com\/fr\/album\/lenchanteresse\/1560695621&#8243; link_option_url_new_window=&#8221;on&#8221; transform_styles__hover_enabled=&#8221;on&#8221; transform_scale__hover_enabled=&#8221;on&#8221; transform_translate__hover_enabled=&#8221;on&#8221; transform_rotate__hover_enabled=&#8221;on&#8221; transform_skew__hover_enabled=&#8221;on&#8221; transform_origin__hover_enabled=&#8221;on&#8221; transform_scale__hover=&#8221;103%|103%&#8221; custom_padding__hover_enabled=&#8221;on&#8221; custom_padding__hover=&#8221;12px||12px&#8221;]<\/p>\n<p><strong>Apple Music<\/strong><\/p>\n<p>[\/et_pb_text][\/et_pb_column][\/et_pb_row][\/et_pb_section][et_pb_section fb_built=&#8221;1&#8243; disabled_on=&#8221;off|on|on&#8221; _builder_version=&#8221;3.24&#8243; background_color=&#8221;#ffffff&#8221; background_size=&#8221;initial&#8221; background_blend=&#8221;overlay&#8221; box_shadow_style=&#8221;preset3&#8243; custom_padding=&#8221;0px|||||&#8221;][et_pb_row custom_padding=&#8221;0px||0px|||&#8221; _builder_version=&#8221;3.24&#8243; width=&#8221;100%&#8221;][et_pb_column type=&#8221;4_4&#8243; _builder_version=&#8221;3.24&#8243;][et_pb_image src=&#8221;https:\/\/karoorganisation.com\/wp-content\/uploads\/2021\/03\/canyon-1740973-scaled.jpg&#8221; _builder_version=&#8221;3.24&#8243; width=&#8221;100%&#8221;][\/et_pb_image][\/et_pb_column][\/et_pb_row][et_pb_row _builder_version=&#8221;3.24&#8243;][et_pb_column type=&#8221;4_4&#8243; _builder_version=&#8221;3.24&#8243;][et_pb_text _builder_version=&#8221;3.24&#8243; text_font=&#8221;||||||||&#8221; text_line_height=&#8221;1.2em&#8221; header_font=&#8221;||||||||&#8221; header_2_font=&#8221;|800||on|||||&#8221; header_2_text_color=&#8221;#7cda24&#8243; header_2_font_size=&#8221;27px&#8221; header_3_font=&#8221;|700||on|||||&#8221; header_3_text_color=&#8221;#e5007e&#8221; max_width=&#8221;100%&#8221; module_alignment=&#8221;center&#8221; animation_style=&#8221;fade&#8221; transform_styles__hover_enabled=&#8221;on&#8221; transform_scale__hover_enabled=&#8221;on&#8221; transform_translate__hover_enabled=&#8221;on&#8221; transform_rotate__hover_enabled=&#8221;on&#8221; transform_skew__hover_enabled=&#8221;on&#8221; transform_origin__hover_enabled=&#8221;on&#8221; transform_scale__hover=&#8221;103%|103%&#8221;]<\/p>\n<h2><strong>Karolina <\/strong><\/h2>\n<h2><strong>L&#8217;enchanteresse<\/strong><\/h2>\n<p><span style=\"font-weight: 400;\">Une \u00e9vasion au-del\u00e0 du temps\u2026au-del\u00e0 des temps.<\/span><br \/> <span style=\"font-weight: 400;\">Quittez Terre.<\/span><br \/> <span style=\"font-weight: 400;\">Entrez dans l\u2019antre mystique de l\u2019Enchanteresse Karolina.<\/span><br \/> <span style=\"font-weight: 400;\">D\u00e9couvrez un concert spectacle unique aux multiples facettes, plongez au c\u0153ur m\u00eame du myst\u00e8re, entre irr\u00e9el et f\u00e9erie o\u00f9 le r\u00e9el est sans nul doute r\u00eaverie.<\/span><br \/> <span style=\"font-weight: 400;\">\u00ab\u00a0Au-del\u00e0 du r\u00e9el, au-del\u00e0 de l\u2019irr\u00e9el\u2026il y a le profond.\u00a0\u00bb<\/span><\/p>\n<p>[\/et_pb_text][et_pb_text _builder_version=&#8221;3.24&#8243; text_font=&#8221;|700||on|||||&#8221; text_text_align=&#8221;center&#8221; text_text_color=&#8221;#ffffff&#8221; text_font_size=&#8221;20px&#8221; text_line_height=&#8221;1.2em&#8221; header_font=&#8221;||||||||&#8221; header_2_font=&#8221;|800||on|||||&#8221; header_2_text_color=&#8221;#7cda24&#8243; header_2_font_size=&#8221;35px&#8221; header_3_font=&#8221;|700||on|||||&#8221; header_3_text_color=&#8221;#e5007e&#8221; background_color=&#8221;#7cda24&#8243; text_orientation=&#8221;center&#8221; background_layout=&#8221;dark&#8221; max_width=&#8221;100%&#8221; module_alignment=&#8221;center&#8221; custom_padding=&#8221;10px||10px||true&#8221; animation_style=&#8221;fade&#8221; link_option_url=&#8221;https:\/\/music.apple.com\/fr\/album\/lenchanteresse\/1560695621&#8243; link_option_url_new_window=&#8221;on&#8221; transform_styles__hover_enabled=&#8221;on&#8221; transform_scale__hover_enabled=&#8221;on&#8221; transform_translate__hover_enabled=&#8221;on&#8221; transform_rotate__hover_enabled=&#8221;on&#8221; transform_skew__hover_enabled=&#8221;on&#8221; transform_origin__hover_enabled=&#8221;on&#8221; transform_scale__hover=&#8221;103%|103%&#8221; custom_padding__hover_enabled=&#8221;on&#8221; custom_padding__hover=&#8221;12px||12px&#8221;]<\/p>\n<p><strong>Apple Music<\/strong><\/p>\n<p>[\/et_pb_text][\/et_pb_column][\/et_pb_row][\/et_pb_section][et_pb_section fb_built=&#8221;1&#8243; disabled_on=&#8221;off|off|on&#8221; _builder_version=&#8221;3.24&#8243; background_image=&#8221;https:\/\/karoorganisation.com\/wp-content\/uploads\/2021\/03\/Karo-Organisation-fond-etoiles-vert.png&#8221; parallax=&#8221;on&#8221; custom_padding=&#8221;0|0px|0|0px|false|false&#8221;][et_pb_row _builder_version=&#8221;3.24&#8243;][et_pb_column type=&#8221;4_4&#8243; _builder_version=&#8221;3.17.6&#8243;][\/et_pb_column][\/et_pb_row][\/et_pb_section][et_pb_section fb_built=&#8221;1&#8243; custom_padding_last_edited=&#8221;on|desktop&#8221; _builder_version=&#8221;3.24&#8243; box_shadow_style=&#8221;preset3&#8243; custom_padding=&#8221;30px|0px|30px|0px|false|false&#8221; custom_padding_phone=&#8221;0px||0px&#8221; animation_style=&#8221;fade&#8221;][et_pb_row _builder_version=&#8221;3.24&#8243;][et_pb_column type=&#8221;4_4&#8243; _builder_version=&#8221;3.24&#8243;][et_pb_video src=&#8221;https:\/\/karoorganisation.com\/wp-content\/uploads\/2023\/02\/Teaser-Karolina-Spectacle-LEnchanteresse.mp4&#8243; image_src=&#8221;https:\/\/karoorganisation.com\/wp-content\/uploads\/2021\/03\/autumn-2182010-scaled.jpg&#8221; thumbnail_overlay_color=&#8221;rgba(0,0,0,0.6)&#8221; _builder_version=&#8221;3.24&#8243; disabled_on=&#8221;off|off|off&#8221;][\/et_pb_video][et_pb_gallery gallery_ids=&#8221;715,139,143,144,138,141,137,140&#8243; posts_number=&#8221;8&#8243; db_image_object_fit=&#8221;cover&#8221; orientation=&#8221;portrait&#8221; show_title_and_caption=&#8221;off&#8221; show_pagination=&#8221;off&#8221; _builder_version=&#8221;3.24&#8243; title_font=&#8221;||||||||&#8221; title_text_color=&#8221;rgba(0,0,0,0)&#8221; caption_font=&#8221;||||||||&#8221; caption_text_color=&#8221;rgba(0,0,0,0)&#8221; pagination_font=&#8221;||||||||&#8221;][\/et_pb_gallery][\/et_pb_column][\/et_pb_row][\/et_pb_section][et_pb_section fb_built=&#8221;1&#8243; _builder_version=&#8221;3.24&#8243; background_image=&#8221;https:\/\/karoorganisation.com\/wp-content\/uploads\/2021\/03\/Karo-Organisation-fond-etoiles-vert.png&#8221; parallax=&#8221;on&#8221; custom_padding=&#8221;0|0px|0|0px|false|false&#8221;][et_pb_row _builder_version=&#8221;3.24&#8243;][et_pb_column type=&#8221;4_4&#8243; _builder_version=&#8221;3.17.6&#8243;][\/et_pb_column][\/et_pb_row][\/et_pb_section]<\/p>\n","protected":false},"excerpt":{"rendered":"<p>[et_pb_section fb_built=&#8221;1&#8243; disabled_on=&#8221;on|off|off&#8221; _builder_version=&#8221;3.24&#8243; background_image=&#8221;https:\/\/karoorganisation.com\/wp-content\/uploads\/2021\/03\/canyon-1740973-scaled.jpg&#8221; background_position=&#8221;center_right&#8221; box_shadow_style=&#8221;preset3&#8243; module_alignment=&#8221;center&#8221; transform_styles__hover_enabled=&#8221;on&#8221; transform_scale__hover_enabled=&#8221;on&#8221; transform_translate__hover_enabled=&#8221;on&#8221; transform_rotate__hover_enabled=&#8221;on&#8221; transform_skew__hover_enabled=&#8221;on&#8221; transform_origin__hover_enabled=&#8221;on&#8221; transform_scale__hover=&#8221;102%|102%&#8221;][et_pb_row use_custom_gutter=&#8221;on&#8221; gutter_width=&#8221;2&#8243; custom_padding=&#8221;100px||200px&#8221; module_class=&#8221; et_pb_row_fullwidth&#8221; _builder_version=&#8221;3.24&#8243; width=&#8221;94%&#8221; width_tablet=&#8221;80%&#8221; width_last_edited=&#8221;on|desktop&#8221; max_width=&#8221;94%&#8221; max_width_tablet=&#8221;80%&#8221; max_width_last_edited=&#8221;on|desktop&#8221; make_fullwidth=&#8221;on&#8221;][et_pb_column type=&#8221;1_2&#8243; _builder_version=&#8221;3.17.6&#8243;][\/et_pb_column][et_pb_column type=&#8221;1_2&#8243; _builder_version=&#8221;3.17.6&#8243;][et_pb_text _builder_version=&#8221;3.24&#8243; text_font=&#8221;||||||||&#8221; text_text_color=&#8221;#ffffff&#8221; text_line_height=&#8221;1.2em&#8221; header_font=&#8221;||||||||&#8221; header_2_font=&#8221;|800||on|||||&#8221; header_2_text_color=&#8221;#7cda24&#8243; header_2_font_size=&#8221;35px&#8221; header_3_font=&#8221;|700||on|||||&#8221; header_3_text_color=&#8221;#e5007e&#8221; max_width=&#8221;65%&#8221; module_alignment=&#8221;center&#8221; animation_style=&#8221;fade&#8221; transform_styles__hover_enabled=&#8221;on&#8221; transform_scale__hover_enabled=&#8221;on&#8221; transform_translate__hover_enabled=&#8221;on&#8221; transform_rotate__hover_enabled=&#8221;on&#8221; transform_skew__hover_enabled=&#8221;on&#8221; transform_origin__hover_enabled=&#8221;on&#8221; transform_scale__hover=&#8221;103%|103%&#8221;] Karolina L&#8217;enchanteresse Une [&hellip;]<\/p>\n","protected":false},"author":1,"featured_media":0,"parent":0,"menu_order":0,"comment_status":"closed","ping_status":"closed","template":"","meta":{"_et_pb_use_builder":"on","_et_pb_old_content":""},"_links":{"self":[{"href":"https:\/\/karoorganisation.com\/index.php\/wp-json\/wp\/v2\/pages\/131"}],"collection":[{"href":"https:\/\/karoorganisation.com\/index.php\/wp-json\/wp\/v2\/pages"}],"about":[{"href":"https:\/\/karoorganisation.com\/index.php\/wp-json\/wp\/v2\/types\/page"}],"author":[{"embeddable":true,"href":"https:\/\/karoorganisation.com\/index.php\/wp-json\/wp\/v2\/users\/1"}],"replies":[{"embeddable":true,"href":"https:\/\/karoorganisation.com\/index.php\/wp-json\/wp\/v2\/comments?post=131"}],"version-history":[{"count":26,"href":"https:\/\/karoorganisation.com\/index.php\/wp-json\/wp\/v2\/pages\/131\/revisions"}],"predecessor-version":[{"id":934,"href":"https:\/\/karoorganisation.com\/index.php\/wp-json\/wp\/v2\/pages\/131\/revisions\/934"}],"wp:attachment":[{"href":"https:\/\/karoorganisation.com\/index.php\/wp-json\/wp\/v2\/media?parent=131"}],"curies":[{"name":"wp","href":"https:\/\/api.w.org\/{rel}","templated":true}]}}