{"id":448,"date":"2021-04-04T14:43:51","date_gmt":"2021-04-04T12:43:51","guid":{"rendered":"http:\/\/karoorganisation.com\/?page_id=448"},"modified":"2021-04-07T21:05:11","modified_gmt":"2021-04-07T19:05:11","slug":"special-noel","status":"publish","type":"page","link":"https:\/\/karoorganisation.com\/index.php\/special-noel\/","title":{"rendered":"Sp\u00e9cial No\u00ebl"},"content":{"rendered":"<p>[et_pb_section fb_built=&#8221;1&#8243; disabled_on=&#8221;on|off|off&#8221; _builder_version=&#8221;3.24&#8243; background_image=&#8221;https:\/\/karoorganisation.com\/wp-content\/uploads\/2021\/04\/Zone-de-flottaison-Special-Noel-1.png&#8221; background_position=&#8221;center_right&#8221; box_shadow_style=&#8221;preset3&#8243; module_alignment=&#8221;center&#8221; custom_padding=&#8221;146px||2px|||&#8221; transform_styles__hover_enabled=&#8221;on&#8221; transform_scale__hover_enabled=&#8221;on&#8221; transform_translate__hover_enabled=&#8221;on&#8221; transform_rotate__hover_enabled=&#8221;on&#8221; transform_skew__hover_enabled=&#8221;on&#8221; transform_origin__hover_enabled=&#8221;on&#8221; transform_scale__hover=&#8221;102%|102%&#8221;][et_pb_row use_custom_gutter=&#8221;on&#8221; gutter_width=&#8221;2&#8243; custom_padding=&#8221;100px||273px|||&#8221; module_class=&#8221; et_pb_row_fullwidth&#8221; _builder_version=&#8221;3.24&#8243; width=&#8221;94%&#8221; width_tablet=&#8221;80%&#8221; width_last_edited=&#8221;on|desktop&#8221; max_width=&#8221;94%&#8221; max_width_tablet=&#8221;80%&#8221; max_width_last_edited=&#8221;on|desktop&#8221; make_fullwidth=&#8221;on&#8221;][et_pb_column type=&#8221;1_2&#8243; _builder_version=&#8221;3.17.6&#8243;][\/et_pb_column][et_pb_column type=&#8221;1_2&#8243; _builder_version=&#8221;3.17.6&#8243;][et_pb_text _builder_version=&#8221;3.24&#8243; text_font=&#8221;||||||||&#8221; text_text_color=&#8221;#ffffff&#8221; text_line_height=&#8221;1.2em&#8221; header_font=&#8221;||||||||&#8221; header_2_font=&#8221;|800||on|||||&#8221; header_2_text_color=&#8221;#ff8000&#8243; header_2_font_size=&#8221;35px&#8221; header_3_font=&#8221;|700||on|||||&#8221; header_3_text_color=&#8221;#e5007e&#8221; max_width=&#8221;65%&#8221; module_alignment=&#8221;center&#8221; animation_style=&#8221;fade&#8221; transform_styles__hover_enabled=&#8221;on&#8221; transform_scale__hover_enabled=&#8221;on&#8221; transform_translate__hover_enabled=&#8221;on&#8221; transform_rotate__hover_enabled=&#8221;on&#8221; transform_skew__hover_enabled=&#8221;on&#8221; transform_origin__hover_enabled=&#8221;on&#8221; transform_scale__hover=&#8221;103%|103%&#8221;]<\/p>\n<h2><strong>\u00ab\u00a0Carotte et Gratouille f\u00eatent No\u00ebl\u00a0\u00bb<\/strong><\/h2>\n<p>Quelques heures avant No\u00ebl\u2026 Carotte et Gratouille se rendent compte que rien n\u2019est pr\u00eat\u00a0! CATASTROPHE\u00a0!!!<\/p>\n<p>Gr\u00e2ce \u00e0 un cocktail d\u00e9tonnant de rires, de magie, de clownerie et surtout avec l\u2019aide des enfants, Carotte et Gratouille arriveront-ils \u00e0 tout pr\u00e9parer avant l\u2019arriv\u00e9e du P\u00e8re-No\u00ebl\u00a0?<\/p>\n<p>Apparitions, disparitions, grandes illusions, animaux, participation des enfants, un spectacle clef en main (son, d\u00e9cor, lumi\u00e8res), dynamique et color\u00e9, pour petits et grands, \u00e0 ne pas manquer\u00a0!!!<\/p>\n<p>Possibilit\u00e9\u00a0: maquillage des enfants, sculpture sur ballons, P\u00e8re-No\u00ebl, peluches g\u00e9antes, ateliers\u2026<\/p>\n<p>[\/et_pb_text][\/et_pb_column][\/et_pb_row][\/et_pb_section][et_pb_section fb_built=&#8221;1&#8243; disabled_on=&#8221;off|on|on&#8221; _builder_version=&#8221;3.24&#8243; background_color=&#8221;#ffffff&#8221; background_size=&#8221;initial&#8221; background_blend=&#8221;overlay&#8221; box_shadow_style=&#8221;preset3&#8243; custom_padding=&#8221;0px|||||&#8221;][et_pb_row custom_padding=&#8221;0px||0px|||&#8221; _builder_version=&#8221;3.24&#8243; width=&#8221;100%&#8221;][et_pb_column type=&#8221;4_4&#8243; _builder_version=&#8221;3.24&#8243;][et_pb_image src=&#8221;https:\/\/karoorganisation.com\/wp-content\/uploads\/2021\/04\/Noel-7-scaled.jpg&#8221; _builder_version=&#8221;3.24&#8243; width=&#8221;100%&#8221;][\/et_pb_image][\/et_pb_column][\/et_pb_row][et_pb_row _builder_version=&#8221;3.24&#8243;][et_pb_column type=&#8221;4_4&#8243; _builder_version=&#8221;3.24&#8243;][et_pb_text _builder_version=&#8221;3.24&#8243; text_font=&#8221;||||||||&#8221; text_line_height=&#8221;1.2em&#8221; header_font=&#8221;||||||||&#8221; header_2_font=&#8221;|800||on|||||&#8221; header_2_text_color=&#8221;#7cda24&#8243; header_2_font_size=&#8221;35px&#8221; header_3_font=&#8221;|700||on|||||&#8221; header_3_text_color=&#8221;#e5007e&#8221; max_width=&#8221;100%&#8221; module_alignment=&#8221;center&#8221; animation_style=&#8221;fade&#8221; transform_styles__hover_enabled=&#8221;on&#8221; transform_scale__hover_enabled=&#8221;on&#8221; transform_translate__hover_enabled=&#8221;on&#8221; transform_rotate__hover_enabled=&#8221;on&#8221; transform_skew__hover_enabled=&#8221;on&#8221; transform_origin__hover_enabled=&#8221;on&#8221; transform_scale__hover=&#8221;103%|103%&#8221;]<\/p>\n<h2>\u00ab\u00a0Carotte et Gratouille f\u00eatent No\u00ebl\u00a0\u00bb<\/h2>\n<p>Quelques heures avant No\u00ebl\u2026 Carotte et Gratouille se rendent compte que rien n\u2019est pr\u00eat\u00a0! CATASTROPHE\u00a0!!!<\/p>\n<p>Gr\u00e2ce \u00e0 un cocktail d\u00e9tonnant de rires, de magie, de clownerie et surtout avec l\u2019aide des enfants, Carotte et Gratouille arriveront-ils \u00e0 tout pr\u00e9parer avant l\u2019arriv\u00e9e du P\u00e8re-No\u00ebl\u00a0?<\/p>\n<p>Apparitions, disparitions, grandes illusions, animaux, participation des enfants, un spectacle clef en main (son, d\u00e9cor, lumi\u00e8res), dynamique et color\u00e9, pour petits et grands, \u00e0 ne pas manquer\u00a0!!!<\/p>\n<p>Possibilit\u00e9\u00a0: maquillage des enfants, sculpture sur ballons, P\u00e8re-No\u00ebl, peluches g\u00e9antes, ateliers\u2026<\/p>\n<p>[\/et_pb_text][\/et_pb_column][\/et_pb_row][\/et_pb_section][et_pb_section fb_built=&#8221;1&#8243; custom_padding_last_edited=&#8221;on|desktop&#8221; _builder_version=&#8221;3.24&#8243; box_shadow_style=&#8221;preset3&#8243; custom_padding=&#8221;0px|0px|30px|0px|false|false&#8221; custom_padding_phone=&#8221;0px||0px&#8221; animation_style=&#8221;fade&#8221;][et_pb_row _builder_version=&#8221;3.24&#8243;][et_pb_column type=&#8221;4_4&#8243; _builder_version=&#8221;3.24&#8243;][et_pb_video src=&#8221;https:\/\/youtu.be\/UIrne_OnLJk&#8221; image_src=&#8221;https:\/\/karoorganisation.com\/wp-content\/uploads\/2021\/04\/Noel-4-scaled.jpg&#8221; thumbnail_overlay_color=&#8221;rgba(0,0,0,0.6)&#8221; _builder_version=&#8221;3.24&#8243;][\/et_pb_video][et_pb_gallery gallery_ids=&#8221;332,334,331,333,339,341,342,357,345,346,347,348,349,350,351,352,353,354,355,356,358,363,362,364,361,360,359,365,366,367,368&#8243; posts_number=&#8221;8&#8243; db_image_object_fit=&#8221;cover&#8221; orientation=&#8221;portrait&#8221; show_title_and_caption=&#8221;off&#8221; _builder_version=&#8221;3.24&#8243; title_font=&#8221;||||||||&#8221; title_text_color=&#8221;rgba(0,0,0,0)&#8221; caption_font=&#8221;||||||||&#8221; caption_text_color=&#8221;rgba(0,0,0,0)&#8221; pagination_font=&#8221;||||||||&#8221;][\/et_pb_gallery][\/et_pb_column][\/et_pb_row][\/et_pb_section][et_pb_section fb_built=&#8221;1&#8243; _builder_version=&#8221;3.24&#8243; background_image=&#8221;https:\/\/karoorganisation.com\/wp-content\/uploads\/2021\/03\/Karo-Organisation-fond-etoiles-orange.png&#8221; parallax=&#8221;on&#8221; custom_padding=&#8221;0|0px|0|0px|false|false&#8221;][et_pb_row _builder_version=&#8221;3.24&#8243;][et_pb_column type=&#8221;4_4&#8243; _builder_version=&#8221;3.17.6&#8243;][\/et_pb_column][\/et_pb_row][\/et_pb_section]<\/p>\n","protected":false},"excerpt":{"rendered":"<p>[et_pb_section fb_built=&#8221;1&#8243; disabled_on=&#8221;on|off|off&#8221; _builder_version=&#8221;3.24&#8243; background_image=&#8221;https:\/\/karoorganisation.com\/wp-content\/uploads\/2021\/04\/Zone-de-flottaison-Special-Noel-1.png&#8221; background_position=&#8221;center_right&#8221; box_shadow_style=&#8221;preset3&#8243; module_alignment=&#8221;center&#8221; custom_padding=&#8221;146px||2px|||&#8221; transform_styles__hover_enabled=&#8221;on&#8221; transform_scale__hover_enabled=&#8221;on&#8221; transform_translate__hover_enabled=&#8221;on&#8221; transform_rotate__hover_enabled=&#8221;on&#8221; transform_skew__hover_enabled=&#8221;on&#8221; transform_origin__hover_enabled=&#8221;on&#8221; transform_scale__hover=&#8221;102%|102%&#8221;][et_pb_row use_custom_gutter=&#8221;on&#8221; gutter_width=&#8221;2&#8243; custom_padding=&#8221;100px||273px|||&#8221; module_class=&#8221; et_pb_row_fullwidth&#8221; _builder_version=&#8221;3.24&#8243; width=&#8221;94%&#8221; width_tablet=&#8221;80%&#8221; width_last_edited=&#8221;on|desktop&#8221; max_width=&#8221;94%&#8221; max_width_tablet=&#8221;80%&#8221; max_width_last_edited=&#8221;on|desktop&#8221; make_fullwidth=&#8221;on&#8221;][et_pb_column type=&#8221;1_2&#8243; _builder_version=&#8221;3.17.6&#8243;][\/et_pb_column][et_pb_column type=&#8221;1_2&#8243; _builder_version=&#8221;3.17.6&#8243;][et_pb_text _builder_version=&#8221;3.24&#8243; text_font=&#8221;||||||||&#8221; text_text_color=&#8221;#ffffff&#8221; text_line_height=&#8221;1.2em&#8221; header_font=&#8221;||||||||&#8221; header_2_font=&#8221;|800||on|||||&#8221; header_2_text_color=&#8221;#ff8000&#8243; header_2_font_size=&#8221;35px&#8221; header_3_font=&#8221;|700||on|||||&#8221; header_3_text_color=&#8221;#e5007e&#8221; max_width=&#8221;65%&#8221; module_alignment=&#8221;center&#8221; animation_style=&#8221;fade&#8221; transform_styles__hover_enabled=&#8221;on&#8221; transform_scale__hover_enabled=&#8221;on&#8221; transform_translate__hover_enabled=&#8221;on&#8221; transform_rotate__hover_enabled=&#8221;on&#8221; transform_skew__hover_enabled=&#8221;on&#8221; transform_origin__hover_enabled=&#8221;on&#8221; transform_scale__hover=&#8221;103%|103%&#8221;] \u00ab\u00a0Carotte et [&hellip;]<\/p>\n","protected":false},"author":1,"featured_media":0,"parent":0,"menu_order":0,"comment_status":"closed","ping_status":"closed","template":"","meta":{"_et_pb_use_builder":"on","_et_pb_old_content":""},"_links":{"self":[{"href":"https:\/\/karoorganisation.com\/index.php\/wp-json\/wp\/v2\/pages\/448"}],"collection":[{"href":"https:\/\/karoorganisation.com\/index.php\/wp-json\/wp\/v2\/pages"}],"about":[{"href":"https:\/\/karoorganisation.com\/index.php\/wp-json\/wp\/v2\/types\/page"}],"author":[{"embeddable":true,"href":"https:\/\/karoorganisation.com\/index.php\/wp-json\/wp\/v2\/users\/1"}],"replies":[{"embeddable":true,"href":"https:\/\/karoorganisation.com\/index.php\/wp-json\/wp\/v2\/comments?post=448"}],"version-history":[{"count":10,"href":"https:\/\/karoorganisation.com\/index.php\/wp-json\/wp\/v2\/pages\/448\/revisions"}],"predecessor-version":[{"id":668,"href":"https:\/\/karoorganisation.com\/index.php\/wp-json\/wp\/v2\/pages\/448\/revisions\/668"}],"wp:attachment":[{"href":"https:\/\/karoorganisation.com\/index.php\/wp-json\/wp\/v2\/media?parent=448"}],"curies":[{"name":"wp","href":"https:\/\/api.w.org\/{rel}","templated":true}]}}