{"id":460,"date":"2021-04-04T14:56:02","date_gmt":"2021-04-04T12:56:02","guid":{"rendered":"http:\/\/karoorganisation.com\/?page_id=460"},"modified":"2021-04-09T13:24:54","modified_gmt":"2021-04-09T11:24:54","slug":"carotte-chaussette","status":"publish","type":"page","link":"https:\/\/karoorganisation.com\/index.php\/carotte-chaussette\/","title":{"rendered":"Carotte &#038; Chaussette"},"content":{"rendered":"<p>[et_pb_section fb_built=&#8221;1&#8243; disabled_on=&#8221;on|off|off&#8221; _builder_version=&#8221;3.24&#8243; background_color=&#8221;#000000&#8243; background_image=&#8221;https:\/\/karoorganisation.com\/wp-content\/uploads\/2021\/04\/Carotte-Chaussette-5-scaled.jpg&#8221; background_size=&#8221;contain&#8221; background_position=&#8221;center_left&#8221; box_shadow_style=&#8221;preset3&#8243; module_alignment=&#8221;center&#8221; transform_styles__hover_enabled=&#8221;on&#8221; transform_scale__hover_enabled=&#8221;on&#8221; transform_translate__hover_enabled=&#8221;on&#8221; transform_rotate__hover_enabled=&#8221;on&#8221; transform_skew__hover_enabled=&#8221;on&#8221; transform_origin__hover_enabled=&#8221;on&#8221; transform_scale__hover=&#8221;102%|102%&#8221;][et_pb_row use_custom_gutter=&#8221;on&#8221; gutter_width=&#8221;2&#8243; custom_padding=&#8221;100px||200px&#8221; module_class=&#8221; et_pb_row_fullwidth&#8221; _builder_version=&#8221;3.24&#8243; width=&#8221;94%&#8221; width_tablet=&#8221;80%&#8221; width_last_edited=&#8221;on|desktop&#8221; max_width=&#8221;94%&#8221; max_width_tablet=&#8221;80%&#8221; max_width_last_edited=&#8221;on|desktop&#8221; make_fullwidth=&#8221;on&#8221;][et_pb_column type=&#8221;1_2&#8243; _builder_version=&#8221;3.17.6&#8243;][\/et_pb_column][et_pb_column type=&#8221;1_2&#8243; _builder_version=&#8221;3.17.6&#8243;][et_pb_text _builder_version=&#8221;3.24&#8243; text_font=&#8221;||||||||&#8221; text_text_color=&#8221;#ffffff&#8221; text_line_height=&#8221;1.2em&#8221; header_font=&#8221;||||||||&#8221; header_2_font=&#8221;|800||on|||||&#8221; header_2_text_color=&#8221;#ff8000&#8243; header_2_font_size=&#8221;35px&#8221; header_3_font=&#8221;|700||on|||||&#8221; header_3_text_color=&#8221;#e5007e&#8221; max_width=&#8221;65%&#8221; module_alignment=&#8221;center&#8221; animation_style=&#8221;fade&#8221; transform_styles__hover_enabled=&#8221;on&#8221; transform_scale__hover_enabled=&#8221;on&#8221; transform_translate__hover_enabled=&#8221;on&#8221; transform_rotate__hover_enabled=&#8221;on&#8221; transform_skew__hover_enabled=&#8221;on&#8221; transform_origin__hover_enabled=&#8221;on&#8221; transform_scale__hover=&#8221;103%|103%&#8221;]<\/p>\n<h2><strong>Carotte &amp; Chaussette<\/strong><\/h2>\n<p>Venez d\u00e9couvrir les aventures de &#8220;Carotte et Chaussette&#8221; :<\/p>\n<p>Un voyage magique de chansons interactives, rigolotes et ludiques !!!<\/p>\n<p>Des chansons in\u00e9dites \u00e9crites et interpr\u00e9t\u00e9es par Carotte.<\/p>\n<p>[\/et_pb_text][\/et_pb_column][\/et_pb_row][\/et_pb_section][et_pb_section fb_built=&#8221;1&#8243; disabled_on=&#8221;off|on|on&#8221; _builder_version=&#8221;3.24&#8243; background_color=&#8221;#ffffff&#8221; background_size=&#8221;initial&#8221; background_blend=&#8221;overlay&#8221; box_shadow_style=&#8221;preset3&#8243; custom_padding=&#8221;0px|||||&#8221;][et_pb_row custom_padding=&#8221;0px||0px|||&#8221; _builder_version=&#8221;3.24&#8243; width=&#8221;100%&#8221;][et_pb_column type=&#8221;4_4&#8243; _builder_version=&#8221;3.24&#8243;][et_pb_image src=&#8221;https:\/\/karoorganisation.com\/wp-content\/uploads\/2021\/04\/Carotte-Chaussette-5-scaled.jpg&#8221; _builder_version=&#8221;3.24&#8243; width=&#8221;100%&#8221;][\/et_pb_image][\/et_pb_column][\/et_pb_row][et_pb_row _builder_version=&#8221;3.24&#8243;][et_pb_column type=&#8221;4_4&#8243; _builder_version=&#8221;3.24&#8243;][et_pb_text _builder_version=&#8221;3.24&#8243; text_font=&#8221;||||||||&#8221; text_line_height=&#8221;1.2em&#8221; header_font=&#8221;||||||||&#8221; header_2_font=&#8221;|800||on|||||&#8221; header_2_text_color=&#8221;#ff8000&#8243; header_2_font_size=&#8221;35px&#8221; header_3_font=&#8221;|700||on|||||&#8221; header_3_text_color=&#8221;#e5007e&#8221; max_width=&#8221;100%&#8221; module_alignment=&#8221;center&#8221; animation_style=&#8221;fade&#8221; transform_styles__hover_enabled=&#8221;on&#8221; transform_scale__hover_enabled=&#8221;on&#8221; transform_translate__hover_enabled=&#8221;on&#8221; transform_rotate__hover_enabled=&#8221;on&#8221; transform_skew__hover_enabled=&#8221;on&#8221; transform_origin__hover_enabled=&#8221;on&#8221; transform_scale__hover=&#8221;103%|103%&#8221;]<\/p>\n<h2><strong>Carotte &amp; Chaussette<\/strong><\/h2>\n<p>Venez d\u00e9couvrir les aventures de &#8220;Carotte et Chaussette&#8221; :<\/p>\n<p>Un voyage magique de chansons interactives, rigolotes et ludiques !!!<\/p>\n<p>Des chansons in\u00e9dites \u00e9crites et interpr\u00e9t\u00e9es par Carotte.<\/p>\n<p>[\/et_pb_text][\/et_pb_column][\/et_pb_row][\/et_pb_section][et_pb_section fb_built=&#8221;1&#8243; custom_padding_last_edited=&#8221;on|desktop&#8221; _builder_version=&#8221;3.24&#8243; box_shadow_style=&#8221;preset3&#8243; custom_padding=&#8221;30px|0px|30px|0px|false|false&#8221; custom_padding_phone=&#8221;0px||0px&#8221; animation_style=&#8221;fade&#8221;][et_pb_row _builder_version=&#8221;3.24&#8243;][et_pb_column type=&#8221;4_4&#8243; _builder_version=&#8221;3.24&#8243;][et_pb_gallery gallery_ids=&#8221;467,468,465,473,472,471,470,466&#8243; posts_number=&#8221;20&#8243; db_image_object_fit=&#8221;contain&#8221; orientation=&#8221;portrait&#8221; show_title_and_caption=&#8221;off&#8221; _builder_version=&#8221;3.24&#8243; title_font=&#8221;||||||||&#8221; title_text_color=&#8221;rgba(0,0,0,0)&#8221; caption_font=&#8221;||||||||&#8221; caption_text_color=&#8221;rgba(0,0,0,0)&#8221; pagination_font=&#8221;||||||||&#8221;][\/et_pb_gallery][\/et_pb_column][\/et_pb_row][\/et_pb_section][et_pb_section fb_built=&#8221;1&#8243; module_id=&#8221;exception&#8221; _builder_version=&#8221;3.24&#8243; background_image=&#8221;https:\/\/karoorganisation.com\/wp-content\/uploads\/2021\/03\/Karo-Organisation-fond-etoiles-orange.png&#8221; parallax=&#8221;on&#8221; custom_padding=&#8221;0|0px|0|0px|false|false&#8221;][et_pb_row _builder_version=&#8221;3.24&#8243;][et_pb_column type=&#8221;4_4&#8243; _builder_version=&#8221;3.17.6&#8243;][\/et_pb_column][\/et_pb_row][\/et_pb_section]<\/p>\n","protected":false},"excerpt":{"rendered":"<p>[et_pb_section fb_built=&#8221;1&#8243; disabled_on=&#8221;on|off|off&#8221; _builder_version=&#8221;3.24&#8243; background_color=&#8221;#000000&#8243; background_image=&#8221;https:\/\/karoorganisation.com\/wp-content\/uploads\/2021\/04\/Carotte-Chaussette-5-scaled.jpg&#8221; background_size=&#8221;contain&#8221; background_position=&#8221;center_left&#8221; box_shadow_style=&#8221;preset3&#8243; module_alignment=&#8221;center&#8221; transform_styles__hover_enabled=&#8221;on&#8221; transform_scale__hover_enabled=&#8221;on&#8221; transform_translate__hover_enabled=&#8221;on&#8221; transform_rotate__hover_enabled=&#8221;on&#8221; transform_skew__hover_enabled=&#8221;on&#8221; transform_origin__hover_enabled=&#8221;on&#8221; transform_scale__hover=&#8221;102%|102%&#8221;][et_pb_row use_custom_gutter=&#8221;on&#8221; gutter_width=&#8221;2&#8243; custom_padding=&#8221;100px||200px&#8221; module_class=&#8221; et_pb_row_fullwidth&#8221; _builder_version=&#8221;3.24&#8243; width=&#8221;94%&#8221; width_tablet=&#8221;80%&#8221; width_last_edited=&#8221;on|desktop&#8221; max_width=&#8221;94%&#8221; max_width_tablet=&#8221;80%&#8221; max_width_last_edited=&#8221;on|desktop&#8221; make_fullwidth=&#8221;on&#8221;][et_pb_column type=&#8221;1_2&#8243; _builder_version=&#8221;3.17.6&#8243;][\/et_pb_column][et_pb_column type=&#8221;1_2&#8243; _builder_version=&#8221;3.17.6&#8243;][et_pb_text _builder_version=&#8221;3.24&#8243; text_font=&#8221;||||||||&#8221; text_text_color=&#8221;#ffffff&#8221; text_line_height=&#8221;1.2em&#8221; header_font=&#8221;||||||||&#8221; header_2_font=&#8221;|800||on|||||&#8221; header_2_text_color=&#8221;#ff8000&#8243; header_2_font_size=&#8221;35px&#8221; header_3_font=&#8221;|700||on|||||&#8221; header_3_text_color=&#8221;#e5007e&#8221; max_width=&#8221;65%&#8221; module_alignment=&#8221;center&#8221; animation_style=&#8221;fade&#8221; transform_styles__hover_enabled=&#8221;on&#8221; transform_scale__hover_enabled=&#8221;on&#8221; transform_translate__hover_enabled=&#8221;on&#8221; transform_rotate__hover_enabled=&#8221;on&#8221; transform_skew__hover_enabled=&#8221;on&#8221; transform_origin__hover_enabled=&#8221;on&#8221; transform_scale__hover=&#8221;103%|103%&#8221;] Carotte [&hellip;]<\/p>\n","protected":false},"author":1,"featured_media":0,"parent":0,"menu_order":0,"comment_status":"closed","ping_status":"closed","template":"","meta":{"_et_pb_use_builder":"on","_et_pb_old_content":""},"_links":{"self":[{"href":"https:\/\/karoorganisation.com\/index.php\/wp-json\/wp\/v2\/pages\/460"}],"collection":[{"href":"https:\/\/karoorganisation.com\/index.php\/wp-json\/wp\/v2\/pages"}],"about":[{"href":"https:\/\/karoorganisation.com\/index.php\/wp-json\/wp\/v2\/types\/page"}],"author":[{"embeddable":true,"href":"https:\/\/karoorganisation.com\/index.php\/wp-json\/wp\/v2\/users\/1"}],"replies":[{"embeddable":true,"href":"https:\/\/karoorganisation.com\/index.php\/wp-json\/wp\/v2\/comments?post=460"}],"version-history":[{"count":6,"href":"https:\/\/karoorganisation.com\/index.php\/wp-json\/wp\/v2\/pages\/460\/revisions"}],"predecessor-version":[{"id":781,"href":"https:\/\/karoorganisation.com\/index.php\/wp-json\/wp\/v2\/pages\/460\/revisions\/781"}],"wp:attachment":[{"href":"https:\/\/karoorganisation.com\/index.php\/wp-json\/wp\/v2\/media?parent=460"}],"curies":[{"name":"wp","href":"https:\/\/api.w.org\/{rel}","templated":true}]}}